{"id":186,"date":"2016-05-18T21:26:53","date_gmt":"2016-05-18T19:26:53","guid":{"rendered":"http:\/\/mooringo.com\/dk\/?page_id=186"},"modified":"2017-04-26T09:32:42","modified_gmt":"2017-04-26T07:32:42","slug":"about","status":"publish","type":"page","link":"https:\/\/mooringo.com\/dk\/about\/","title":{"rendered":"Om Mooringo"},"content":{"rendered":"<p>[et_pb_section bb_built=&#8221;1&#8243; admin_label=&#8221;Sektion&#8221; transparent_background=&#8221;off&#8221; allow_player_pause=&#8221;off&#8221; inner_shadow=&#8221;off&#8221; parallax=&#8221;off&#8221; parallax_method=&#8221;on&#8221; padding_mobile=&#8221;off&#8221; make_fullwidth=&#8221;off&#8221; use_custom_width=&#8221;off&#8221; width_unit=&#8221;off&#8221; custom_width_px=&#8221;1080px&#8221; custom_width_percent=&#8221;80%&#8221; make_equal=&#8221;off&#8221; use_custom_gutter=&#8221;off&#8221; fullwidth=&#8221;on&#8221; specialty=&#8221;off&#8221; disabled=&#8221;off&#8221;][et_pb_fullwidth_image admin_label=&#8221;Bild med full bredd&#8221; src=&#8221;https:\/\/mooringo.com\/dk\/wp-content\/uploads\/sites\/9\/2016\/05\/undermeny_oss-1-1-1.jpg&#8221; show_in_lightbox=&#8221;off&#8221; url_new_window=&#8221;off&#8221; use_overlay=&#8221;off&#8221; animation=&#8221;off&#8221; use_border_color=&#8221;off&#8221; border_color=&#8221;#ffffff&#8221; border_style=&#8221;solid&#8221; disabled=&#8221;off&#8221; \/][\/et_pb_section][et_pb_section bb_built=&#8221;1&#8243; admin_label=&#8221;section&#8221; transparent_background=&#8221;off&#8221; allow_player_pause=&#8221;off&#8221; inner_shadow=&#8221;off&#8221; parallax=&#8221;off&#8221; parallax_method=&#8221;on&#8221; padding_mobile=&#8221;off&#8221; make_fullwidth=&#8221;off&#8221; use_custom_width=&#8221;off&#8221; width_unit=&#8221;off&#8221; custom_width_px=&#8221;1080px&#8221; custom_width_percent=&#8221;80%&#8221; make_equal=&#8221;off&#8221; use_custom_gutter=&#8221;off&#8221; fullwidth=&#8221;off&#8221; specialty=&#8221;off&#8221; disabled=&#8221;off&#8221;][et_pb_row admin_label=&#8221;row&#8221; make_fullwidth=&#8221;off&#8221; use_custom_width=&#8221;off&#8221; width_unit=&#8221;off&#8221; custom_width_px=&#8221;1080px&#8221; custom_width_percent=&#8221;80%&#8221; use_custom_gutter=&#8221;off&#8221; gutter_width=&#8221;3&#8243; padding_mobile=&#8221;off&#8221; allow_player_pause=&#8221;off&#8221; parallax=&#8221;off&#8221; parallax_method=&#8221;on&#8221; make_equal=&#8221;off&#8221; column_padding_mobile=&#8221;on&#8221; parallax_1=&#8221;off&#8221; parallax_method_1=&#8221;on&#8221; parallax_2=&#8221;off&#8221; parallax_method_2=&#8221;on&#8221; parallax_3=&#8221;off&#8221; parallax_method_3=&#8221;on&#8221; parallax_4=&#8221;off&#8221; parallax_method_4=&#8221;on&#8221; disabled=&#8221;off&#8221;][et_pb_column type=&#8221;1_2&#8243;][et_pb_text admin_label=&#8221;Text&#8221; background_layout=&#8221;light&#8221; text_orientation=&#8221;left&#8221; use_border_color=&#8221;off&#8221; border_style=&#8221;solid&#8221; disabled=&#8221;off&#8221;]<\/p>\n<h3>Vores\u00a0vision<\/h3>\n<p><span style=\"font-weight: 400;\">Vores vision er at \u00e6ndre livet p\u00e5 havet ved at skabe flere g\u00e6steb\u00e5dpladser. Vi \u00f8nsker at g\u00f8re b\u00e5dfolket mindre stressede\u00a0og at inspire dem til at opdage nye favoritsteder.<br \/>\nVi ved, at selv de mest konservative b\u00e5dejere er klar p\u00e5 at udvikle b\u00e5dlivet ved at dele ledige b\u00e5dpladser med hinanden.<\/span><\/p>\n<h3>Hvorfor?<\/h3>\n<p><span style=\"font-weight: 400;\">Vi er selv meget ude og sejle. Er det fint vejr, kaster vi gerne anker i en beskyttet bugt. Men nogle gange bl\u00e6ser det op og det kan v\u00e6re sk\u00f8nt at have noget fast at fort\u00f8je i. I s\u00e5danne situationer s\u00f8ger vi til den n\u00e6rmeste marina. Men det er vi naturligvis ikke de eneste, der g\u00f8r. For at v\u00e6re sikker p\u00e5 at f\u00e5 en plads skal vi v\u00e6re der tidligt, helst f\u00f8r alle andre.<br \/>\nVille det ikke v\u00e6re stort at kunne l\u00e6gge til\u00a0ved den lille private anl\u00f8bsbro vi s\u00e5 i den hyggelige bugt eller ved den b\u00f8je, som ingen synes at anvende. Men hvem ejer den og hvorn\u00e5r vil de v\u00e6re tilbage? Det er det problem, vi \u00f8nsker at l\u00f8se med denne app.<\/span><\/p>\n<p>[\/et_pb_text][\/et_pb_column][et_pb_column type=&#8221;1_2&#8243;][et_pb_text admin_label=&#8221;Text&#8221; background_layout=&#8221;light&#8221; text_orientation=&#8221;left&#8221; use_border_color=&#8221;off&#8221; border_style=&#8221;solid&#8221; disabled=&#8221;off&#8221;]<\/p>\n<h3>Hvordan?<\/h3>\n<p><span style=\"font-weight: 400;\">Vores selskab, Mooringo, driver en markedsplads, hvor b\u00e5dfolket kan opsl\u00e5, opdage og booke hinandens private b\u00e5dpladser via deres smartphone eller tablet. Havne og marinaer kan ogs\u00e5 v\u00e6re med og markedsf\u00f8re b\u00e5dpladser, som ikke er i brug.<br \/>\nMooringo&#8217;s v\u00e6rkt\u00f8jer skaber flere g\u00e6steb\u00e5dpladser og dele-\u00f8konomien driver til havs!<\/span><\/p>\n<h3>Hvad er status?<\/h3>\n<p><span style=\"font-weight: 400;\">Vi startede udviklingsarbejdet i September 2015. Vi introducerede os selv for offentligheden for f\u00f8rste gang i February 2016 p\u00e5 &#8220;B\u00e5tm\u00e4ssan&#8221; i G\u00f6teborg. Modtagelsen was meget positiv. Vi fik ogs\u00e5 meget positiv feedback p\u00e5 b\u00e5dmessen &#8220;Allt f\u00f6r Sj\u00f6n&#8221; i Stockholm i Marts 2016.<br \/>\nApp&#8217;en er godkendt af de respektive app-stores og har v\u00e6ret tilg\u00e6ngelig siden april 2016. Ligeledes er havnev\u00e6rkt\u00f8jet tilg\u00e6ngeligt og vi arbejder lige nu p\u00e5 at registrere interesserede havne og marinaer.<\/span><\/p>\n<p>[\/et_pb_text][\/et_pb_column][\/et_pb_row][et_pb_row admin_label=&#8221;Rad&#8221; make_fullwidth=&#8221;off&#8221; use_custom_width=&#8221;off&#8221; width_unit=&#8221;off&#8221; custom_width_px=&#8221;1080px&#8221; custom_width_percent=&#8221;80%&#8221; use_custom_gutter=&#8221;off&#8221; gutter_width=&#8221;3&#8243; padding_mobile=&#8221;off&#8221; allow_player_pause=&#8221;off&#8221; parallax=&#8221;off&#8221; parallax_method=&#8221;on&#8221; make_equal=&#8221;off&#8221; column_padding_mobile=&#8221;on&#8221; parallax_1=&#8221;off&#8221; parallax_method_1=&#8221;on&#8221; parallax_2=&#8221;off&#8221; parallax_method_2=&#8221;on&#8221; parallax_3=&#8221;off&#8221; parallax_method_3=&#8221;on&#8221; parallax_4=&#8221;off&#8221; parallax_method_4=&#8221;on&#8221; disabled=&#8221;off&#8221;][et_pb_column type=&#8221;4_4&#8243;][et_pb_text admin_label=&#8221;Text&#8221; background_layout=&#8221;light&#8221; text_orientation=&#8221;center&#8221; use_border_color=&#8221;off&#8221; border_style=&#8221;solid&#8221; disabled=&#8221;off&#8221;]<\/p>\n<h3>Vi\u00a0\u00f8nsker dig\u00a0nogle afslappende stunder p\u00e5 havet.<\/h3>\n<p>Robert, Sarah\u00a0og\u00a0Therese,\u00a0Mooringo<\/p>\n<p>[\/et_pb_text][\/et_pb_column][\/et_pb_row][\/et_pb_section][et_pb_section bb_built=&#8221;1&#8243; admin_label=&#8221;Section&#8221; transparent_background=&#8221;off&#8221; background_color=&#8221;#f4f4f4&#8243; allow_player_pause=&#8221;off&#8221; inner_shadow=&#8221;on&#8221; parallax=&#8221;off&#8221; parallax_method=&#8221;off&#8221; padding_mobile=&#8221;off&#8221; make_fullwidth=&#8221;off&#8221; use_custom_width=&#8221;off&#8221; width_unit=&#8221;on&#8221; custom_width_px=&#8221;1080px&#8221; custom_width_percent=&#8221;80%&#8221; make_equal=&#8221;off&#8221; use_custom_gutter=&#8221;off&#8221; fullwidth=&#8221;off&#8221; specialty=&#8221;off&#8221; disabled=&#8221;off&#8221;][et_pb_row admin_label=&#8221;Row&#8221; make_fullwidth=&#8221;off&#8221; use_custom_width=&#8221;off&#8221; width_unit=&#8221;off&#8221; custom_width_px=&#8221;1080px&#8221; custom_width_percent=&#8221;80%&#8221; use_custom_gutter=&#8221;off&#8221; gutter_width=&#8221;3&#8243; padding_mobile=&#8221;off&#8221; allow_player_pause=&#8221;off&#8221; parallax=&#8221;off&#8221; parallax_method=&#8221;on&#8221; make_equal=&#8221;off&#8221; column_padding_mobile=&#8221;on&#8221; parallax_1=&#8221;off&#8221; parallax_method_1=&#8221;on&#8221; parallax_2=&#8221;off&#8221; parallax_method_2=&#8221;on&#8221; parallax_3=&#8221;off&#8221; parallax_method_3=&#8221;on&#8221; parallax_4=&#8221;off&#8221; parallax_method_4=&#8221;on&#8221; disabled=&#8221;off&#8221;][et_pb_column type=&#8221;4_4&#8243;][et_pb_text admin_label=&#8221;Text&#8221; background_layout=&#8221;light&#8221; text_orientation=&#8221;center&#8221; use_border_color=&#8221;off&#8221; border_style=&#8221;solid&#8221; disabled=&#8221;off&#8221;]<\/p>\n<h2>Kontakt os<\/h2>\n<p>[\/et_pb_text][et_pb_text admin_label=&#8221;Text&#8221; background_layout=&#8221;light&#8221; text_orientation=&#8221;center&#8221; use_border_color=&#8221;off&#8221; border_style=&#8221;solid&#8221; disabled=&#8221;off&#8221;]<\/p>\n<h3>Ring til os p\u00e5\u00a0+46 702 &#8211; 79 37 78 &#8211; eller send os\u00a0en besked herunder<\/h3>\n<p>[\/et_pb_text][et_pb_contact_form admin_label=&#8221;Contact Form&#8221; captcha=&#8221;off&#8221; custom_message=&#8221;Namn: %%Name%% E-post: %%Email%% Telefonnummer: %%Phone%% Meddelande: %%Message%%&#8221; use_redirect=&#8221;off&#8221; success_message=&#8221;Tak for at du tog dig tid til at g\u00f8re Mooringo bedre.&#8221; form_background_color=&#8221;#ffffff&#8221; input_border_radius=&#8221;0&#8243; module_id=&#8221;et_pb_contact_form_0&#8243; use_border_color=&#8221;off&#8221; border_color=&#8221;#ffffff&#8221; border_width=&#8221;1px&#8221; border_style=&#8221;solid&#8221; custom_button=&#8221;on&#8221; button_text_size=&#8221;20&#8243; button_text_color=&#8221;#ffffff&#8221; button_bg_color=&#8221;#242629&#8243; button_border_width=&#8221;0&#8243; button_border_radius=&#8221;6&#8243; button_letter_spacing=&#8221;0&#8243; button_use_icon=&#8221;default&#8221; button_icon_placement=&#8221;right&#8221; button_on_hover=&#8221;on&#8221; button_border_radius_hover=&#8221;6&#8243; button_letter_spacing_hover=&#8221;0&#8243; disabled=&#8221;off&#8221;] [et_pb_contact_field field_id=&#8221;Navn&#8221; field_title=&#8221;Navn&#8221; field_type=&#8221;input&#8221; required_mark=&#8221;on&#8221; fullwidth_field=&#8221;off&#8221; input_border_radius=&#8221;0&#8243; form_field_font=&#8221;||||&#8221; use_border_color=&#8221;off&#8221; border_style=&#8221;solid&#8221; disabled=&#8221;off&#8221;] [\/et_pb_contact_field][et_pb_contact_field field_id=&#8221;Email&#8221; field_title=&#8221;Email adresse&#8221; field_type=&#8221;email&#8221; required_mark=&#8221;on&#8221; fullwidth_field=&#8221;off&#8221; input_border_radius=&#8221;0&#8243; form_field_font=&#8221;||||&#8221; use_border_color=&#8221;off&#8221; border_style=&#8221;solid&#8221; disabled=&#8221;off&#8221;] [\/et_pb_contact_field][et_pb_contact_field field_id=&#8221;Besked&#8221; field_title=&#8221;Besked&#8221; field_type=&#8221;text&#8221; required_mark=&#8221;on&#8221; fullwidth_field=&#8221;on&#8221; input_border_radius=&#8221;0&#8243; form_field_font=&#8221;||||&#8221; use_border_color=&#8221;off&#8221; border_style=&#8221;solid&#8221; disabled=&#8221;off&#8221;] [\/et_pb_contact_field][et_pb_contact_field field_id=&#8221;Telefonnummer&#8221; field_title=&#8221;Telefonnummer&#8221; field_type=&#8221;input&#8221; required_mark=&#8221;on&#8221; fullwidth_field=&#8221;on&#8221; input_border_radius=&#8221;0&#8243; form_field_font=&#8221;||||&#8221; use_border_color=&#8221;off&#8221; border_style=&#8221;solid&#8221; disabled=&#8221;off&#8221;] [\/et_pb_contact_field] [\/et_pb_contact_form][\/et_pb_column][\/et_pb_row][\/et_pb_section]<\/p>\n","protected":false},"excerpt":{"rendered":"<p>[et_pb_section bb_built=&#8221;1&#8243; admin_label=&#8221;Sektion&#8221; transparent_background=&#8221;off&#8221; allow_player_pause=&#8221;off&#8221; inner_shadow=&#8221;off&#8221; parallax=&#8221;off&#8221; parallax_method=&#8221;on&#8221; padding_mobile=&#8221;off&#8221; make_fullwidth=&#8221;off&#8221; use_custom_width=&#8221;off&#8221; width_unit=&#8221;off&#8221; custom_width_px=&#8221;1080px&#8221; custom_width_percent=&#8221;80%&#8221; make_equal=&#8221;off&#8221; use_custom_gutter=&#8221;off&#8221; fullwidth=&#8221;on&#8221; specialty=&#8221;off&#8221; disabled=&#8221;off&#8221;][et_pb_fullwidth_image admin_label=&#8221;Bild med full bredd&#8221; src=&#8221;https:\/\/mooringo.com\/dk\/wp-content\/uploads\/sites\/9\/2016\/05\/undermeny_oss-1-1-1.jpg&#8221; show_in_lightbox=&#8221;off&#8221; url_new_window=&#8221;off&#8221; use_overlay=&#8221;off&#8221; animation=&#8221;off&#8221; use_border_color=&#8221;off&#8221; border_color=&#8221;#ffffff&#8221; border_style=&#8221;solid&#8221; disabled=&#8221;off&#8221; \/][\/et_pb_section][et_pb_section bb_built=&#8221;1&#8243; admin_label=&#8221;section&#8221; transparent_background=&#8221;off&#8221; allow_player_pause=&#8221;off&#8221; inner_shadow=&#8221;off&#8221; parallax=&#8221;off&#8221; parallax_method=&#8221;on&#8221; padding_mobile=&#8221;off&#8221; make_fullwidth=&#8221;off&#8221; use_custom_width=&#8221;off&#8221; width_unit=&#8221;off&#8221; custom_width_px=&#8221;1080px&#8221; custom_width_percent=&#8221;80%&#8221; make_equal=&#8221;off&#8221; use_custom_gutter=&#8221;off&#8221; fullwidth=&#8221;off&#8221; specialty=&#8221;off&#8221; disabled=&#8221;off&#8221;][et_pb_row admin_label=&#8221;row&#8221; make_fullwidth=&#8221;off&#8221; use_custom_width=&#8221;off&#8221; width_unit=&#8221;off&#8221; [&hellip;]<\/p>\n","protected":false},"author":3,"featured_media":0,"parent":0,"menu_order":6,"comment_status":"closed","ping_status":"closed","template":"","meta":{"_et_pb_use_builder":"on","_et_pb_old_content":"","_et_gb_content_width":""},"_links":{"self":[{"href":"https:\/\/mooringo.com\/dk\/wp-json\/wp\/v2\/pages\/186"}],"collection":[{"href":"https:\/\/mooringo.com\/dk\/wp-json\/wp\/v2\/pages"}],"about":[{"href":"https:\/\/mooringo.com\/dk\/wp-json\/wp\/v2\/types\/page"}],"author":[{"embeddable":true,"href":"https:\/\/mooringo.com\/dk\/wp-json\/wp\/v2\/users\/3"}],"replies":[{"embeddable":true,"href":"https:\/\/mooringo.com\/dk\/wp-json\/wp\/v2\/comments?post=186"}],"version-history":[{"count":43,"href":"https:\/\/mooringo.com\/dk\/wp-json\/wp\/v2\/pages\/186\/revisions"}],"predecessor-version":[{"id":1067,"href":"https:\/\/mooringo.com\/dk\/wp-json\/wp\/v2\/pages\/186\/revisions\/1067"}],"wp:attachment":[{"href":"https:\/\/mooringo.com\/dk\/wp-json\/wp\/v2\/media?parent=186"}],"curies":[{"name":"wp","href":"https:\/\/api.w.org\/{rel}","templated":true}]}}