{"id":186,"date":"2016-05-18T21:26:53","date_gmt":"2016-05-18T21:26:53","guid":{"rendered":"http:\/\/mooringo.com\/no\/?page_id=186"},"modified":"2021-09-11T08:05:41","modified_gmt":"2021-09-11T08:05:41","slug":"om","status":"publish","type":"page","link":"https:\/\/mooringo.com\/no\/om\/","title":{"rendered":"Om"},"content":{"rendered":"<p>[et_pb_section fb_built=&#8221;1&#8243; fullwidth=&#8221;on&#8221; custom_padding_last_edited=&#8221;on|desktop&#8221; admin_label=&#8221;Sektion&#8221; _builder_version=&#8221;3.22&#8243; custom_padding_tablet=&#8221;50px|0|50px|0&#8243; custom_padding_phone=&#8221;&#8221; transparent_background=&#8221;off&#8221; padding_mobile=&#8221;off&#8221;][et_pb_fullwidth_image src=&#8221;https:\/\/mooringo.com\/no\/wp-content\/uploads\/sites\/6\/2016\/05\/undermeny_oss-1-1-1.jpg&#8221; admin_label=&#8221;Bild med full bredd&#8221; _builder_version=&#8221;3.0.87&#8243; animation=&#8221;off&#8221; use_border_color=&#8221;off&#8221; border_color=&#8221;#ffffff&#8221; border_style=&#8221;solid&#8221;][\/et_pb_fullwidth_image][\/et_pb_section][et_pb_section fb_built=&#8221;1&#8243; inner_shadow=&#8221;on&#8221; custom_padding_last_edited=&#8221;on|desktop&#8221; admin_label=&#8221;Sektion&#8221; _builder_version=&#8221;3.22&#8243; background_color=&#8221;#f4f4f4&#8243; custom_padding_tablet=&#8221;50px|0|50px|0&#8243; custom_padding_phone=&#8221;&#8221; transparent_background=&#8221;off&#8221; padding_mobile=&#8221;off&#8221;][et_pb_row padding_mobile=&#8221;off&#8221; column_padding_mobile=&#8221;on&#8221; admin_label=&#8221;Rad&#8221; _builder_version=&#8221;3.25&#8243; background_size=&#8221;initial&#8221; background_position=&#8221;top_left&#8221; background_repeat=&#8221;repeat&#8221; global_module=&#8221;245&#8243;][et_pb_column type=&#8221;4_4&#8243; _builder_version=&#8221;3.25&#8243; custom_padding=&#8221;|||&#8221; custom_padding__hover=&#8221;|||&#8221;][et_pb_text admin_label=&#8221;Text&#8221; _builder_version=&#8221;4.9.7&#8243; background_size=&#8221;initial&#8221; background_position=&#8221;top_left&#8221; background_repeat=&#8221;repeat&#8221; text_orientation=&#8221;center&#8221; module_alignment=&#8221;center&#8221; use_border_color=&#8221;off&#8221; border_color=&#8221;#ffffff&#8221; border_style=&#8221;solid&#8221;]<\/p>\n<h2>Send oss en melding!<\/h2>\n<p>[\/et_pb_text][et_pb_contact_form email=&#8221;info@mooringo.com&#8221; custom_message=&#8221;Meddelande fr\u00e5n Mooringo Norge||et_pb_line_break_holder||||et_pb_line_break_holder||Namn: %%Name%% ||et_pb_line_break_holder||E-post: %%Email%% ||et_pb_line_break_holder||||et_pb_line_break_holder||Meddelande: %%Message%% &#8221; success_message=&#8221;Takk for meldingen din!&#8221; submit_button_text=&#8221;Send&#8221; admin_label=&#8221;Kontaktformul\u00e4r&#8221; _builder_version=&#8221;4.9.7&#8243; form_field_background_color=&#8221;#ffffff&#8221; background_color=&#8221;RGBA(0,0,0,0)&#8221; custom_button=&#8221;on&#8221; button_text_size=&#8221;33px&#8221; button_text_color=&#8221;#ffffff&#8221; button_bg_color=&#8221;#0e96ea&#8221; button_border_width=&#8221;0px&#8221; button_border_radius=&#8221;6&#8243; button_font=&#8221;||||||||&#8221; button_icon=&#8221;%%28%%&#8221; button_custom_margin=&#8221;||||false|false&#8221; button_custom_padding=&#8221;||||false|false&#8221; text_orientation=&#8221;left&#8221; hover_enabled=&#8221;0&#8243; custom_css_contact_button=&#8221;text-align: center;||float: none;&#8221; border_radii=&#8221;on|6px|6px|6px|6px&#8221; use_border_color=&#8221;off&#8221; border_color=&#8221;#ffffff&#8221; border_style=&#8221;solid&#8221; input_border_radius=&#8221;6&#8243; form_background_color=&#8221;#ffffff&#8221; button_letter_spacing_hover=&#8221;0&#8243; button_border_radius_hover=&#8221;6&#8243; sticky_enabled=&#8221;0&#8243;][et_pb_contact_field field_id=&#8221;Name&#8221; field_title=&#8221;Navn&#8221; _builder_version=&#8221;3.16&#8243; form_field_font=&#8221;||||&#8221; border_radii=&#8221;on|0px|0px|0px|0px&#8221; use_border_color=&#8221;off&#8221; border_style=&#8221;solid&#8221; input_border_radius=&#8221;0&#8243; button_text_size__hover_enabled=&#8221;off&#8221; button_one_text_size__hover_enabled=&#8221;off&#8221; button_two_text_size__hover_enabled=&#8221;off&#8221; button_text_color__hover_enabled=&#8221;off&#8221; button_one_text_color__hover_enabled=&#8221;off&#8221; button_two_text_color__hover_enabled=&#8221;off&#8221; button_border_width__hover_enabled=&#8221;off&#8221; button_one_border_width__hover_enabled=&#8221;off&#8221; button_two_border_width__hover_enabled=&#8221;off&#8221; button_border_color__hover_enabled=&#8221;off&#8221; button_one_border_color__hover_enabled=&#8221;off&#8221; button_two_border_color__hover_enabled=&#8221;off&#8221; button_border_radius__hover_enabled=&#8221;off&#8221; button_one_border_radius__hover_enabled=&#8221;off&#8221; button_two_border_radius__hover_enabled=&#8221;off&#8221; button_letter_spacing__hover_enabled=&#8221;off&#8221; button_one_letter_spacing__hover_enabled=&#8221;off&#8221; button_two_letter_spacing__hover_enabled=&#8221;off&#8221; button_bg_color__hover_enabled=&#8221;off&#8221; button_one_bg_color__hover_enabled=&#8221;off&#8221; button_two_bg_color__hover_enabled=&#8221;off&#8221;][\/et_pb_contact_field][et_pb_contact_field field_id=&#8221;Email&#8221; field_title=&#8221;E-postadresse&#8221; field_type=&#8221;email&#8221; _builder_version=&#8221;3.16&#8243; form_field_font=&#8221;||||&#8221; border_radii=&#8221;on|0px|0px|0px|0px&#8221; use_border_color=&#8221;off&#8221; border_style=&#8221;solid&#8221; input_border_radius=&#8221;0&#8243; button_text_size__hover_enabled=&#8221;off&#8221; button_one_text_size__hover_enabled=&#8221;off&#8221; button_two_text_size__hover_enabled=&#8221;off&#8221; button_text_color__hover_enabled=&#8221;off&#8221; button_one_text_color__hover_enabled=&#8221;off&#8221; button_two_text_color__hover_enabled=&#8221;off&#8221; button_border_width__hover_enabled=&#8221;off&#8221; button_one_border_width__hover_enabled=&#8221;off&#8221; button_two_border_width__hover_enabled=&#8221;off&#8221; button_border_color__hover_enabled=&#8221;off&#8221; button_one_border_color__hover_enabled=&#8221;off&#8221; button_two_border_color__hover_enabled=&#8221;off&#8221; button_border_radius__hover_enabled=&#8221;off&#8221; button_one_border_radius__hover_enabled=&#8221;off&#8221; button_two_border_radius__hover_enabled=&#8221;off&#8221; button_letter_spacing__hover_enabled=&#8221;off&#8221; button_one_letter_spacing__hover_enabled=&#8221;off&#8221; button_two_letter_spacing__hover_enabled=&#8221;off&#8221; button_bg_color__hover_enabled=&#8221;off&#8221; button_one_bg_color__hover_enabled=&#8221;off&#8221; button_two_bg_color__hover_enabled=&#8221;off&#8221;][\/et_pb_contact_field][et_pb_contact_field field_id=&#8221;Message&#8221; field_title=&#8221;Melding&#8221; field_type=&#8221;text&#8221; fullwidth_field=&#8221;on&#8221; _builder_version=&#8221;3.16&#8243; form_field_font=&#8221;||||&#8221; border_radii=&#8221;on|0px|0px|0px|0px&#8221; use_border_color=&#8221;off&#8221; border_style=&#8221;solid&#8221; input_border_radius=&#8221;0&#8243; button_text_size__hover_enabled=&#8221;off&#8221; button_one_text_size__hover_enabled=&#8221;off&#8221; button_two_text_size__hover_enabled=&#8221;off&#8221; button_text_color__hover_enabled=&#8221;off&#8221; button_one_text_color__hover_enabled=&#8221;off&#8221; button_two_text_color__hover_enabled=&#8221;off&#8221; button_border_width__hover_enabled=&#8221;off&#8221; button_one_border_width__hover_enabled=&#8221;off&#8221; button_two_border_width__hover_enabled=&#8221;off&#8221; button_border_color__hover_enabled=&#8221;off&#8221; button_one_border_color__hover_enabled=&#8221;off&#8221; button_two_border_color__hover_enabled=&#8221;off&#8221; button_border_radius__hover_enabled=&#8221;off&#8221; button_one_border_radius__hover_enabled=&#8221;off&#8221; button_two_border_radius__hover_enabled=&#8221;off&#8221; button_letter_spacing__hover_enabled=&#8221;off&#8221; button_one_letter_spacing__hover_enabled=&#8221;off&#8221; button_two_letter_spacing__hover_enabled=&#8221;off&#8221; button_bg_color__hover_enabled=&#8221;off&#8221; button_one_bg_color__hover_enabled=&#8221;off&#8221; button_two_bg_color__hover_enabled=&#8221;off&#8221;][\/et_pb_contact_field][\/et_pb_contact_form][\/et_pb_column][\/et_pb_row][et_pb_row _builder_version=&#8221;4.9.7&#8243; _module_preset=&#8221;default&#8221;][et_pb_column type=&#8221;4_4&#8243; _builder_version=&#8221;4.9.7&#8243; _module_preset=&#8221;default&#8221;][et_pb_divider _builder_version=&#8221;4.9.7&#8243; _module_preset=&#8221;default&#8221;][\/et_pb_divider][et_pb_text _builder_version=&#8221;4.9.7&#8243; _module_preset=&#8221;default&#8221;]<\/p>\n<h1 style=\"text-align: center;\"><span style=\"color: #3366ff;\"><a href=\"mailto:\/\/hello@mooringo.com\" style=\"color: #3366ff;\">hello@mooringo.com<\/a><\/span><\/h1>\n<h4 style=\"text-align: center;\"><span style=\"color: #3366ff;\">Phone: <a href=\"tel:\/\/+46702793778\">+46702793778<\/a><\/span><\/h4>\n<p><span style=\"color: #3366ff;\"><\/span>[\/et_pb_text][\/et_pb_column][\/et_pb_row][\/et_pb_section][et_pb_section fb_built=&#8221;1&#8243; custom_padding_last_edited=&#8221;on|desktop&#8221; admin_label=&#8221;section&#8221; _builder_version=&#8221;3.22&#8243; custom_padding=&#8221;0px|||||&#8221; custom_padding_tablet=&#8221;50px|0|50px|0&#8243; custom_padding_phone=&#8221;&#8221; transparent_background=&#8221;off&#8221; padding_mobile=&#8221;off&#8221;][et_pb_row column_structure=&#8221;1_2,1_2&#8243; padding_mobile=&#8221;off&#8221; column_padding_mobile=&#8221;on&#8221; admin_label=&#8221;row&#8221; _builder_version=&#8221;3.25&#8243; background_size=&#8221;initial&#8221; background_position=&#8221;top_left&#8221; background_repeat=&#8221;repeat&#8221; min_height=&#8221;452.6px&#8221;][et_pb_column type=&#8221;1_2&#8243; _builder_version=&#8221;3.25&#8243; custom_padding=&#8221;|||&#8221; custom_padding__hover=&#8221;|||&#8221;][et_pb_text admin_label=&#8221;Text&#8221; _builder_version=&#8221;3.27.4&#8243; background_size=&#8221;initial&#8221; background_position=&#8221;top_left&#8221; background_repeat=&#8221;repeat&#8221; use_border_color=&#8221;off&#8221; border_style=&#8221;solid&#8221;]<\/p>\n<h3>V\u00e5r visjon<\/h3>\n<p>Vi vil inspirere til \u00e5 oppdage nye perler langs v\u00e5r fantastiske kyst og skj\u00e6rg\u00e5rd gjennom \u00e5 tilsammen skape flere gjestehavnplasser. La oss utvikle b\u00e5tlivet og dele v\u00e5re b\u00e5tplasser med hverandre.<\/p>\n<p>\u00a0<\/p>\n<h3>Hvorfor det?<\/h3>\n<p>Vi er selv mye ute p\u00e5 havet, og er det fint v\u00e6r ankrer vi gjerne opp i en beskyttet vik. Men iblant bl\u00e5ser det opp og det kan v\u00e6re skj\u00f8nt \u00e5 ha noe fast \u00e5 fort\u00f8ye i. Ved disse tilfellene s\u00f8ker vi oss til n\u00e6rmeste gjestehavn, men det er vi naturligvis ikke alene om \u00e5 gj\u00f8re. For \u00e5 v\u00e6re sikker p\u00e5 \u00e5 f\u00e5 en plass m\u00e5 vi v\u00e6re der tidlig eller f\u00f8r alle andre. Tenk om vi kunne f\u00e5 ligge p\u00e5 den private bryggen vi s\u00e5 i den koselige viken, eller b\u00f8yen som ingen benytter for \u00f8yeblikket. Problemet er jo bare at vi ikke vet hvem som eier de, eller n\u00e5r eieren kommer tillbake. Det er dette vi l\u00f8ser med Mooringo.<\/p>\n<p>\u00a0<\/p>\n<p>[\/et_pb_text][\/et_pb_column][et_pb_column type=&#8221;1_2&#8243; _builder_version=&#8221;3.25&#8243; custom_padding=&#8221;|||&#8221; custom_padding__hover=&#8221;|||&#8221;][et_pb_text admin_label=&#8221;Text&#8221; _builder_version=&#8221;3.27.4&#8243; background_size=&#8221;initial&#8221; background_position=&#8221;top_left&#8221; background_repeat=&#8221;repeat&#8221; use_border_color=&#8221;off&#8221; border_style=&#8221;solid&#8221;]<\/p>\n<h3>Hvordan da?<\/h3>\n<p>Mooringo er en plass der b\u00e5tfolk och havner kan koble seg til og annonsere ut sine tomme b\u00e5tplasser n\u00e5r disse ikke benyttes. Med Mooringo skapes flere gjestehavnsplasser og delings\u00f8konomien kommer til sj\u00f8s!<\/p>\n<p>&nbsp;<\/p>\n<h3>Hvordan ligger vi til?<\/h3>\n<p>Vi presenterte oss for f\u00f8rste gang for offentligheten i februar 2016 ved B\u00e5tm\u00e4ssan i G\u00f6teborg. Mottakelsen var ekstremt positiv, og ogs\u00e5 ved messen Allt f\u00f6r Sj\u00f6n i Stockholm fikk vi mye positiv respons. Appen er godkjent av App Store og har v\u00e6rt tilgjengelig for nedlastning siden april 2016. Havneverkt\u00f8yet er allerede tilgjengelig, og vi arbeider n\u00e5 med \u00e5 registrere interesserte havner.<\/p>\n<p>&nbsp;<\/p>\n<p>[\/et_pb_text][\/et_pb_column][\/et_pb_row][et_pb_row padding_mobile=&#8221;off&#8221; column_padding_mobile=&#8221;on&#8221; admin_label=&#8221;Rad&#8221; _builder_version=&#8221;3.25&#8243; background_size=&#8221;initial&#8221; background_position=&#8221;top_left&#8221; background_repeat=&#8221;repeat&#8221;][et_pb_column type=&#8221;4_4&#8243; _builder_version=&#8221;3.25&#8243; custom_padding=&#8221;|||&#8221; custom_padding__hover=&#8221;|||&#8221;][et_pb_text admin_label=&#8221;Text&#8221; _builder_version=&#8221;3.27.4&#8243; background_size=&#8221;initial&#8221; background_position=&#8221;top_left&#8221; background_repeat=&#8221;repeat&#8221; text_orientation=&#8221;center&#8221; module_alignment=&#8221;center&#8221; use_border_color=&#8221;off&#8221; border_style=&#8221;solid&#8221;]<\/p>\n<h3>Vi &oslash;nsker deg avkoblende stunder p&aring; havet.<\/h3>\n<p>Robert, Sarah og Therese p&aring; Mooringo<\/p>\n<p>[\/et_pb_text][\/et_pb_column][\/et_pb_row][\/et_pb_section]<\/p>\n","protected":false},"excerpt":{"rendered":"<p>[et_pb_section fb_built=&#8221;1&#8243; fullwidth=&#8221;on&#8221; custom_padding_last_edited=&#8221;on|desktop&#8221; admin_label=&#8221;Sektion&#8221; _builder_version=&#8221;3.22&#8243; custom_padding_tablet=&#8221;50px|0|50px|0&#8243; custom_padding_phone=&#8221;&#8221; transparent_background=&#8221;off&#8221; padding_mobile=&#8221;off&#8221;][et_pb_fullwidth_image src=&#8221;https:\/\/mooringo.com\/no\/wp-content\/uploads\/sites\/6\/2016\/05\/undermeny_oss-1-1-1.jpg&#8221; admin_label=&#8221;Bild med full bredd&#8221; _builder_version=&#8221;3.0.87&#8243; animation=&#8221;off&#8221; use_border_color=&#8221;off&#8221; border_color=&#8221;#ffffff&#8221; border_style=&#8221;solid&#8221;][\/et_pb_fullwidth_image][\/et_pb_section][et_pb_section fb_built=&#8221;1&#8243; inner_shadow=&#8221;on&#8221; custom_padding_last_edited=&#8221;on|desktop&#8221; admin_label=&#8221;Sektion&#8221; _builder_version=&#8221;3.22&#8243; background_color=&#8221;#f4f4f4&#8243; custom_padding_tablet=&#8221;50px|0|50px|0&#8243; custom_padding_phone=&#8221;&#8221; transparent_background=&#8221;off&#8221; padding_mobile=&#8221;off&#8221;][et_pb_row padding_mobile=&#8221;off&#8221; column_padding_mobile=&#8221;on&#8221; admin_label=&#8221;Rad&#8221; _builder_version=&#8221;3.25&#8243; background_size=&#8221;initial&#8221; background_position=&#8221;top_left&#8221; background_repeat=&#8221;repeat&#8221; global_module=&#8221;245&#8243;][et_pb_column type=&#8221;4_4&#8243; _builder_version=&#8221;3.25&#8243; custom_padding=&#8221;|||&#8221; custom_padding__hover=&#8221;|||&#8221;][et_pb_text admin_label=&#8221;Text&#8221; _builder_version=&#8221;4.9.7&#8243; background_size=&#8221;initial&#8221; background_position=&#8221;top_left&#8221; background_repeat=&#8221;repeat&#8221; text_orientation=&#8221;center&#8221; module_alignment=&#8221;center&#8221; use_border_color=&#8221;off&#8221; border_color=&#8221;#ffffff&#8221; border_style=&#8221;solid&#8221;] Send oss en [&hellip;]<\/p>\n","protected":false},"author":3,"featured_media":0,"parent":0,"menu_order":5,"comment_status":"closed","ping_status":"closed","template":"","meta":{"_et_pb_use_builder":"on","_et_pb_old_content":"","_et_gb_content_width":""},"_links":{"self":[{"href":"https:\/\/mooringo.com\/no\/wp-json\/wp\/v2\/pages\/186"}],"collection":[{"href":"https:\/\/mooringo.com\/no\/wp-json\/wp\/v2\/pages"}],"about":[{"href":"https:\/\/mooringo.com\/no\/wp-json\/wp\/v2\/types\/page"}],"author":[{"embeddable":true,"href":"https:\/\/mooringo.com\/no\/wp-json\/wp\/v2\/users\/3"}],"replies":[{"embeddable":true,"href":"https:\/\/mooringo.com\/no\/wp-json\/wp\/v2\/comments?post=186"}],"version-history":[{"count":39,"href":"https:\/\/mooringo.com\/no\/wp-json\/wp\/v2\/pages\/186\/revisions"}],"predecessor-version":[{"id":1277,"href":"https:\/\/mooringo.com\/no\/wp-json\/wp\/v2\/pages\/186\/revisions\/1277"}],"wp:attachment":[{"href":"https:\/\/mooringo.com\/no\/wp-json\/wp\/v2\/media?parent=186"}],"curies":[{"name":"wp","href":"https:\/\/api.w.org\/{rel}","templated":true}]}}