{"id":186,"date":"2016-05-18T21:26:53","date_gmt":"2016-05-18T21:26:53","guid":{"rendered":"http:\/\/mooringo.com\/sv\/?page_id=186"},"modified":"2021-09-11T08:04:36","modified_gmt":"2021-09-11T08:04:36","slug":"om","status":"publish","type":"page","link":"https:\/\/mooringo.com\/se\/om\/","title":{"rendered":"Om Mooringo"},"content":{"rendered":"<p>[et_pb_section fb_built=&#8221;1&#8243; _builder_version=&#8221;4.9.7&#8243; _module_preset=&#8221;default&#8221;][et_pb_row _builder_version=&#8221;4.9.7&#8243; _module_preset=&#8221;default&#8221;][et_pb_column type=&#8221;4_4&#8243; _builder_version=&#8221;4.9.7&#8243; _module_preset=&#8221;default&#8221;][et_pb_contact_form email=&#8221;info@mooringo.com&#8221; title=&#8221;Skicka oss ett meddelande!&#8221; custom_message=&#8221;Meddelande fr\u00e5n Mooringo Sverige website||et_pb_line_break_holder||||et_pb_line_break_holder||||et_pb_line_break_holder||Meddelande: %%Message%%||et_pb_line_break_holder||||et_pb_line_break_holder||Namn: %%Name%%||et_pb_line_break_holder||Email: %%Email%%&#8221; success_message=&#8221;Tack f\u00f6r att du h\u00f6r av dig!&#8221; submit_button_text=&#8221;Skicka&#8221; _builder_version=&#8221;4.9.7&#8243; _module_preset=&#8221;default&#8221; hover_enabled=&#8221;0&#8243; sticky_enabled=&#8221;0&#8243;][et_pb_contact_field field_id=&#8221;Name&#8221; field_title=&#8221;Namn&#8221; _builder_version=&#8221;3.16&#8243; button_text_size__hover_enabled=&#8221;off&#8221; button_one_text_size__hover_enabled=&#8221;off&#8221; button_two_text_size__hover_enabled=&#8221;off&#8221; button_text_color__hover_enabled=&#8221;off&#8221; button_one_text_color__hover_enabled=&#8221;off&#8221; button_two_text_color__hover_enabled=&#8221;off&#8221; button_border_width__hover_enabled=&#8221;off&#8221; button_one_border_width__hover_enabled=&#8221;off&#8221; button_two_border_width__hover_enabled=&#8221;off&#8221; button_border_color__hover_enabled=&#8221;off&#8221; button_one_border_color__hover_enabled=&#8221;off&#8221; button_two_border_color__hover_enabled=&#8221;off&#8221; button_border_radius__hover_enabled=&#8221;off&#8221; button_one_border_radius__hover_enabled=&#8221;off&#8221; button_two_border_radius__hover_enabled=&#8221;off&#8221; button_letter_spacing__hover_enabled=&#8221;off&#8221; button_one_letter_spacing__hover_enabled=&#8221;off&#8221; button_two_letter_spacing__hover_enabled=&#8221;off&#8221; button_bg_color__hover_enabled=&#8221;off&#8221; button_one_bg_color__hover_enabled=&#8221;off&#8221; button_two_bg_color__hover_enabled=&#8221;off&#8221;][\/et_pb_contact_field][et_pb_contact_field field_id=&#8221;Email&#8221; field_title=&#8221;E-postadress&#8221; field_type=&#8221;email&#8221; _builder_version=&#8221;3.16&#8243; button_text_size__hover_enabled=&#8221;off&#8221; button_one_text_size__hover_enabled=&#8221;off&#8221; button_two_text_size__hover_enabled=&#8221;off&#8221; button_text_color__hover_enabled=&#8221;off&#8221; button_one_text_color__hover_enabled=&#8221;off&#8221; button_two_text_color__hover_enabled=&#8221;off&#8221; button_border_width__hover_enabled=&#8221;off&#8221; button_one_border_width__hover_enabled=&#8221;off&#8221; button_two_border_width__hover_enabled=&#8221;off&#8221; button_border_color__hover_enabled=&#8221;off&#8221; button_one_border_color__hover_enabled=&#8221;off&#8221; button_two_border_color__hover_enabled=&#8221;off&#8221; button_border_radius__hover_enabled=&#8221;off&#8221; button_one_border_radius__hover_enabled=&#8221;off&#8221; button_two_border_radius__hover_enabled=&#8221;off&#8221; button_letter_spacing__hover_enabled=&#8221;off&#8221; button_one_letter_spacing__hover_enabled=&#8221;off&#8221; button_two_letter_spacing__hover_enabled=&#8221;off&#8221; button_bg_color__hover_enabled=&#8221;off&#8221; button_one_bg_color__hover_enabled=&#8221;off&#8221; button_two_bg_color__hover_enabled=&#8221;off&#8221;][\/et_pb_contact_field][et_pb_contact_field field_id=&#8221;Message&#8221; field_title=&#8221;Meddelande&#8221; field_type=&#8221;text&#8221; fullwidth_field=&#8221;on&#8221; _builder_version=&#8221;3.16&#8243; button_text_size__hover_enabled=&#8221;off&#8221; button_one_text_size__hover_enabled=&#8221;off&#8221; button_two_text_size__hover_enabled=&#8221;off&#8221; button_text_color__hover_enabled=&#8221;off&#8221; button_one_text_color__hover_enabled=&#8221;off&#8221; button_two_text_color__hover_enabled=&#8221;off&#8221; button_border_width__hover_enabled=&#8221;off&#8221; button_one_border_width__hover_enabled=&#8221;off&#8221; button_two_border_width__hover_enabled=&#8221;off&#8221; button_border_color__hover_enabled=&#8221;off&#8221; button_one_border_color__hover_enabled=&#8221;off&#8221; button_two_border_color__hover_enabled=&#8221;off&#8221; button_border_radius__hover_enabled=&#8221;off&#8221; button_one_border_radius__hover_enabled=&#8221;off&#8221; button_two_border_radius__hover_enabled=&#8221;off&#8221; button_letter_spacing__hover_enabled=&#8221;off&#8221; button_one_letter_spacing__hover_enabled=&#8221;off&#8221; button_two_letter_spacing__hover_enabled=&#8221;off&#8221; button_bg_color__hover_enabled=&#8221;off&#8221; button_one_bg_color__hover_enabled=&#8221;off&#8221; button_two_bg_color__hover_enabled=&#8221;off&#8221;][\/et_pb_contact_field][\/et_pb_contact_form][et_pb_divider _builder_version=&#8221;4.9.7&#8243; _module_preset=&#8221;default&#8221;][\/et_pb_divider][\/et_pb_column][\/et_pb_row][et_pb_row _builder_version=&#8221;3.25&#8243;][et_pb_column type=&#8221;4_4&#8243; _builder_version=&#8221;3.25&#8243; custom_padding=&#8221;|||&#8221; custom_padding__hover=&#8221;|||&#8221;][et_pb_text _builder_version=&#8221;4.9.7&#8243; text_font=&#8221;||||||||&#8221; link_font=&#8221;||||||||&#8221; quote_font=&#8221;||||||||&#8221; text_orientation=&#8221;center&#8221;]<\/p>\n<p><a style=\"font-size: 26px;\" href=\"mailto:hello@mooringo.com\">hello@mooringo.com<\/a><br \/><a style=\"font-size: 18px;\" href=\"tel:+46702793778\">+46-702 793778<\/a><\/p>\n<p>[\/et_pb_text][\/et_pb_column][\/et_pb_row][\/et_pb_section][et_pb_section fb_built=&#8221;1&#8243; disabled_on=&#8221;off|off|off&#8221; _builder_version=&#8221;3.22&#8243; background_color=&#8221;#4e555c&#8221; module_alignment=&#8221;center&#8221; transparent_background=&#8221;off&#8221;][et_pb_row column_structure=&#8221;1_3,1_3,1_3&#8243; _builder_version=&#8221;3.25&#8243;][et_pb_column type=&#8221;1_3&#8243; _builder_version=&#8221;3.25&#8243; custom_padding=&#8221;|||&#8221; custom_padding__hover=&#8221;|||&#8221;][et_pb_team_member name=&#8221;Robert Mertens&#8221; position=&#8221;Bef\u00e4lhavare&#8221; image_url=&#8221;https:\/\/mooringo.com\/se\/wp-content\/uploads\/sites\/4\/2016\/05\/robert-1.png&#8221; _builder_version=&#8221;3.0.89&#8243; background_layout=&#8221;dark&#8221;]<span style=\"font-weight: 400;\">Systemutvecklare och ekonom som bor p\u00e5 b\u00e5t sedan 15 \u00e5r.&nbsp;Seglar n\u00e4r det \u00e4r fint v\u00e4der men reser ocks\u00e5 g\u00e4rna med cykel, t\u00e4lt och spritk\u00f6k. Dock usel p\u00e5 matlagning.<\/span><br \/>\n[\/et_pb_team_member][\/et_pb_column][et_pb_column type=&#8221;1_3&#8243; _builder_version=&#8221;3.25&#8243; custom_padding=&#8221;|||&#8221; custom_padding__hover=&#8221;|||&#8221;][et_pb_team_member name=&#8221;Therese Gustavsson&#8221; position=&#8221;Galjonsfigur&#8221; image_url=&#8221;https:\/\/mooringo.com\/se\/wp-content\/uploads\/sites\/4\/2016\/05\/therese.png&#8221; _builder_version=&#8221;3.0.89&#8243; background_layout=&#8221;dark&#8221;]<\/p>\n<p>H\u00e4rlig tjej som s\u00e4tter f\u00e4rg p\u00e5 det vi g\u00f6r! H\u00e5ller i all design och g\u00f6r bilder av v\u00e5ra id\u00e9er. Har bott i Grekland i 15 \u00e5r.<\/p>\n<p>[\/et_pb_team_member][\/et_pb_column][et_pb_column type=&#8221;1_3&#8243; _builder_version=&#8221;3.25&#8243; custom_padding=&#8221;|||&#8221; custom_padding__hover=&#8221;|||&#8221;][et_pb_team_member name=&#8221;Hans Larsson&#8221; position=&#8221;Allt m\u00f6jligt. D\u00e4cksman, styrman eller fender.&#8221; image_url=&#8221;https:\/\/mooringo.com\/se\/wp-content\/uploads\/sites\/4\/2016\/05\/hans.png&#8221; _builder_version=&#8221;3.0.89&#8243; background_layout=&#8221;dark&#8221;]Seglar, reser och t\u00e4nker. Vill g\u00e4rna att alla ska f\u00f6rst\u00e5.<br \/>\n[\/et_pb_team_member][\/et_pb_column][\/et_pb_row][et_pb_row column_structure=&#8221;1_3,1_3,1_3&#8243; _builder_version=&#8221;3.25&#8243; background_size=&#8221;initial&#8221; background_position=&#8221;top_left&#8221; background_repeat=&#8221;repeat&#8221;][et_pb_column type=&#8221;1_3&#8243; _builder_version=&#8221;3.25&#8243; custom_padding=&#8221;|||&#8221; custom_padding__hover=&#8221;|||&#8221;][et_pb_team_member name=&#8221;Viktor Claesson&#8221; position=&#8221;Maskinist&#8221; image_url=&#8221;https:\/\/mooringo.com\/se\/wp-content\/uploads\/sites\/4\/2016\/05\/viktor.png&#8221; _builder_version=&#8221;3.0.89&#8243; background_layout=&#8221;dark&#8221;]Mobil app-utvecklare med bra sinne f\u00f6r anv\u00e4ndbara funktioner.&nbsp; Borde skaffa b\u00e5t. Gillar att cykla och vindsurfa.<br \/>\n[\/et_pb_team_member][\/et_pb_column][et_pb_column type=&#8221;1_3&#8243; _builder_version=&#8221;3.25&#8243; custom_padding=&#8221;|||&#8221; custom_padding__hover=&#8221;|||&#8221;][et_pb_team_member name=&#8221;Jonathan Quint&#8221; image_url=&#8221;https:\/\/mooringo.com\/se\/wp-content\/uploads\/sites\/4\/2016\/05\/jonathan.jpg&#8221; _builder_version=&#8221;3.0.89&#8243; background_layout=&#8221;dark&#8221;]<\/p>\n<p>Maskinist<\/p>\n<p>Webbutvecklare av g\u00e4sthamnsystem som bara ser m\u00f6jligheter. Amerikansk medborgare som g\u00e4rna h\u00e4nger p\u00e5 Filippinerna.<\/p>\n<p>[\/et_pb_team_member][\/et_pb_column][et_pb_column type=&#8221;1_3&#8243; _builder_version=&#8221;3.25&#8243; custom_padding=&#8221;|||&#8221; custom_padding__hover=&#8221;|||&#8221;][et_pb_team_member name=&#8221;Rossana Palacios&#8221; position=&#8221;Skeppare S\u00f6dra Europa&#8221; image_url=&#8221;https:\/\/mooringo.com\/se\/wp-content\/uploads\/sites\/4\/2016\/05\/rossana.jpg&#8221; _builder_version=&#8221;3.0.89&#8243; background_layout=&#8221;dark&#8221;]Driftig tjej i Lissabon som \u00e4r agent f\u00f6r Mooringo p\u00e5 Iberiska halv\u00f6n och s\u00f6dra Frankrike. Rossana hJ\u00e4lper oss att anpassa systemet internationellt. G\u00e5r seglarkurs!<br \/>\n[\/et_pb_team_member][\/et_pb_column][\/et_pb_row][et_pb_row column_structure=&#8221;1_3,1_3,1_3&#8243; _builder_version=&#8221;3.25&#8243; background_size=&#8221;initial&#8221; background_position=&#8221;top_left&#8221; background_repeat=&#8221;repeat&#8221;][et_pb_column type=&#8221;1_3&#8243; _builder_version=&#8221;3.25&#8243; custom_padding=&#8221;|||&#8221; custom_padding__hover=&#8221;|||&#8221;][et_pb_team_member name=&#8221;Ann-Sofie Str\u00e4ng&#8221; image_url=&#8221;https:\/\/mooringo.com\/se\/wp-content\/uploads\/sites\/4\/2016\/05\/ann-sofie.jpg&#8221; _builder_version=&#8221;3.0.89&#8243; background_layout=&#8221;dark&#8221;]<\/p>\n<p>Utkik<\/p>\n<p>Ansi tar ansvar f\u00f6r bokf\u00f6ring och daglig ekonomi. Hon h\u00e5ller i kassal\u00e5dan och ser till att vi inte sl\u00e4nger alla pengar i sj\u00f6n. Alltid med glimten i \u00f6gat.<\/p>\n<p>[\/et_pb_team_member][\/et_pb_column][et_pb_column type=&#8221;1_3&#8243; _builder_version=&#8221;3.25&#8243; custom_padding=&#8221;|||&#8221; custom_padding__hover=&#8221;|||&#8221;][\/et_pb_column][et_pb_column type=&#8221;1_3&#8243; _builder_version=&#8221;3.25&#8243; custom_padding=&#8221;|||&#8221; custom_padding__hover=&#8221;|||&#8221;][\/et_pb_column][\/et_pb_row][\/et_pb_section][et_pb_section fb_built=&#8221;1&#8243; custom_padding_last_edited=&#8221;on|desktop&#8221; admin_label=&#8221;section&#8221; _builder_version=&#8221;3.22&#8243; custom_padding_tablet=&#8221;50px|0|50px|0&#8243; custom_padding_phone=&#8221;&#8221; transparent_background=&#8221;off&#8221; padding_mobile=&#8221;off&#8221;][et_pb_row _builder_version=&#8221;3.25&#8243; background_size=&#8221;initial&#8221; background_position=&#8221;top_left&#8221; background_repeat=&#8221;repeat&#8221;][et_pb_column type=&#8221;4_4&#8243; _builder_version=&#8221;3.25&#8243; custom_padding=&#8221;|||&#8221; custom_padding__hover=&#8221;|||&#8221;][et_pb_text _builder_version=&#8221;4.9.7&#8243; background_size=&#8221;initial&#8221; background_position=&#8221;top_left&#8221; background_repeat=&#8221;repeat&#8221; text_orientation=&#8221;center&#8221; module_alignment=&#8221;center&#8221;]<\/p>\n<h2 style=\"text-align: left;\">V\u00e5r vision<\/h2>\n<p style=\"text-align: left;\">Vi vill inspirera till att uppt\u00e4cka nya p\u00e4rlor l\u00e4ngs v\u00e5r fantastiska kust och sk\u00e4rg\u00e5rd genom att tillsammans skapa fler g\u00e4sthamnplatser. L\u00e5t oss utveckla b\u00e5tlivet.<\/p>\n<p>[\/et_pb_text][\/et_pb_column][\/et_pb_row][et_pb_row padding_mobile=&#8221;off&#8221; column_padding_mobile=&#8221;on&#8221; admin_label=&#8221;row&#8221; _builder_version=&#8221;3.25&#8243; background_size=&#8221;initial&#8221; background_position=&#8221;top_left&#8221; background_repeat=&#8221;repeat&#8221;][et_pb_column type=&#8221;4_4&#8243; _builder_version=&#8221;3.25&#8243; custom_padding=&#8221;|||&#8221; custom_padding__hover=&#8221;|||&#8221;][et_pb_text _builder_version=&#8221;3.27.4&#8243; background_size=&#8221;initial&#8221; background_position=&#8221;top_left&#8221; background_repeat=&#8221;repeat&#8221; module_alignment=&#8221;left&#8221;]<\/p>\n<h3>Varf\u00f6r d\u00e5?<\/h3>\n<p>Vi \u00e4r sj\u00e4lva ute mycket p\u00e5 havet, och \u00e4r det fint v\u00e4der ankrar vi g\u00e4rna upp i en skyddad vik. Men ibland piper det i och det kan vara sk\u00f6nt att ha n\u00e5got fast att f\u00f6rt\u00f6ja i. Vid dessa tillf\u00e4llen s\u00f6ker vi oss till n\u00e4rmsta g\u00e4sthamn men det \u00e4r vi naturligtvis inte ensamma om att g\u00f6ra. F\u00f6r att vara s\u00e4ker p\u00e5 att f\u00e5 en plats m\u00e5ste vi vara d\u00e4r tidigt eller f\u00f6re alla andra. T\u00e4nk om vi kunde f\u00e5 ligga p\u00e5 den privata bryggan vi s\u00e5g i den mysiga viken, eller bojen som ingen verkar anv\u00e4nda. Problemet \u00e4r ju bara att vi inte vet vem som har den eller n\u00e4r \u00e4garen kommer tillbaka. Det \u00e4r det vi l\u00f6ser med Mooringo.<\/p>\n<p>[\/et_pb_text][et_pb_text _builder_version=&#8221;3.27.4&#8243; background_size=&#8221;initial&#8221; background_position=&#8221;top_left&#8221; background_repeat=&#8221;repeat&#8221; module_alignment=&#8221;left&#8221;]<\/p>\n<h3>Hur d\u00e5?<\/h3>\n<p>Mooringo \u00e4r en plats d\u00e4r b\u00e5tfolk kan annonsera ut, uppt\u00e4cka och boka b\u00e5tplatser. Hamnar kan ansluta sig f\u00f6r att marknadsf\u00f6ra sig och annonsera ut sina tomma b\u00e5tplatser n\u00e4r dessa inte anv\u00e4nds. Med Mooringo skapas fler g\u00e4sthamnsplatser och delningsekonomin kommer till sj\u00f6ss!<\/p>\n<p>[\/et_pb_text][\/et_pb_column][\/et_pb_row][et_pb_row padding_mobile=&#8221;off&#8221; column_padding_mobile=&#8221;on&#8221; _builder_version=&#8221;3.25&#8243; background_size=&#8221;initial&#8221; background_position=&#8221;top_left&#8221; background_repeat=&#8221;repeat&#8221;][et_pb_column type=&#8221;4_4&#8243; _builder_version=&#8221;3.25&#8243; custom_padding=&#8221;|||&#8221; custom_padding__hover=&#8221;|||&#8221;][et_pb_text _builder_version=&#8221;3.27.4&#8243; background_size=&#8221;initial&#8221; background_position=&#8221;top_left&#8221; background_repeat=&#8221;repeat&#8221; text_orientation=&#8221;center&#8221; module_alignment=&#8221;center&#8221;]<\/p>\n<h3>Vi \u00f6nskar dig avkopplande stunder p\u00e5 havet i sommar.<\/h3>\n<p>Robert och Mooringo-teamet.<\/p>\n<p>[\/et_pb_text][et_pb_code]<a name=\"register-event\"><\/a>[\/et_pb_code][\/et_pb_column][\/et_pb_row][\/et_pb_section]<\/p>\n","protected":false},"excerpt":{"rendered":"<p>[et_pb_section fb_built=&#8221;1&#8243; _builder_version=&#8221;4.9.7&#8243; _module_preset=&#8221;default&#8221;][et_pb_row _builder_version=&#8221;4.9.7&#8243; _module_preset=&#8221;default&#8221;][et_pb_column type=&#8221;4_4&#8243; _builder_version=&#8221;4.9.7&#8243; _module_preset=&#8221;default&#8221;][et_pb_contact_form email=&#8221;info@mooringo.com&#8221; title=&#8221;Skicka oss ett meddelande!&#8221; custom_message=&#8221;Meddelande fr\u00e5n Mooringo Sverige website||et_pb_line_break_holder||||et_pb_line_break_holder||||et_pb_line_break_holder||Meddelande: %%Message%%||et_pb_line_break_holder||||et_pb_line_break_holder||Namn: %%Name%%||et_pb_line_break_holder||Email: %%Email%%&#8221; success_message=&#8221;Tack f\u00f6r att du h\u00f6r av dig!&#8221; submit_button_text=&#8221;Skicka&#8221; _builder_version=&#8221;4.9.7&#8243; _module_preset=&#8221;default&#8221; hover_enabled=&#8221;0&#8243; sticky_enabled=&#8221;0&#8243;][et_pb_contact_field field_id=&#8221;Name&#8221; field_title=&#8221;Namn&#8221; _builder_version=&#8221;3.16&#8243; button_text_size__hover_enabled=&#8221;off&#8221; button_one_text_size__hover_enabled=&#8221;off&#8221; button_two_text_size__hover_enabled=&#8221;off&#8221; button_text_color__hover_enabled=&#8221;off&#8221; button_one_text_color__hover_enabled=&#8221;off&#8221; button_two_text_color__hover_enabled=&#8221;off&#8221; button_border_width__hover_enabled=&#8221;off&#8221; button_one_border_width__hover_enabled=&#8221;off&#8221; button_two_border_width__hover_enabled=&#8221;off&#8221; button_border_color__hover_enabled=&#8221;off&#8221; button_one_border_color__hover_enabled=&#8221;off&#8221; button_two_border_color__hover_enabled=&#8221;off&#8221; button_border_radius__hover_enabled=&#8221;off&#8221; button_one_border_radius__hover_enabled=&#8221;off&#8221; button_two_border_radius__hover_enabled=&#8221;off&#8221; button_letter_spacing__hover_enabled=&#8221;off&#8221; button_one_letter_spacing__hover_enabled=&#8221;off&#8221; button_two_letter_spacing__hover_enabled=&#8221;off&#8221; [&hellip;]<\/p>\n","protected":false},"author":3,"featured_media":0,"parent":0,"menu_order":5,"comment_status":"closed","ping_status":"closed","template":"","meta":{"_et_pb_use_builder":"on","_et_pb_old_content":"","_et_gb_content_width":""},"_links":{"self":[{"href":"https:\/\/mooringo.com\/se\/wp-json\/wp\/v2\/pages\/186"}],"collection":[{"href":"https:\/\/mooringo.com\/se\/wp-json\/wp\/v2\/pages"}],"about":[{"href":"https:\/\/mooringo.com\/se\/wp-json\/wp\/v2\/types\/page"}],"author":[{"embeddable":true,"href":"https:\/\/mooringo.com\/se\/wp-json\/wp\/v2\/users\/3"}],"replies":[{"embeddable":true,"href":"https:\/\/mooringo.com\/se\/wp-json\/wp\/v2\/comments?post=186"}],"version-history":[{"count":72,"href":"https:\/\/mooringo.com\/se\/wp-json\/wp\/v2\/pages\/186\/revisions"}],"predecessor-version":[{"id":1875,"href":"https:\/\/mooringo.com\/se\/wp-json\/wp\/v2\/pages\/186\/revisions\/1875"}],"wp:attachment":[{"href":"https:\/\/mooringo.com\/se\/wp-json\/wp\/v2\/media?parent=186"}],"curies":[{"name":"wp","href":"https:\/\/api.w.org\/{rel}","templated":true}]}}